{"id":2,"date":"2018-09-04T05:40:29","date_gmt":"2018-09-04T05:40:29","guid":{"rendered":"https:\/\/www.dianysmedia.info\/proiect2154p\/?page_id=2"},"modified":"2018-09-09T16:27:45","modified_gmt":"2018-09-09T16:27:45","slug":"services-psychologiques","status":"publish","type":"page","link":"https:\/\/www.psihologroman.com\/fr\/services-psychologiques\/","title":{"rendered":"Services psychologiques"},"content":{"rendered":"<div class=\"wpb-content-wrapper\"><p>[vc_row css=&#8221;.vc_custom_1536155067099{margin-top: -50px !important;}&#8221;][vc_column width=&#8221;2\/3&#8243;][vc_column_text]<\/p>\n<h3><strong>Client\u00e8les desservies pour d\u00e9marches th\u00e9rapeutiques<\/strong><\/h3>\n<ul>\n<li>Adolescents (en consultation individuelles)<\/li>\n<li>Adultes (en consultations individuelles)<\/li>\n<li>Enfants (en th\u00e9rapie individuelle\/psychoth\u00e9rapie avec les parents)<\/li>\n<li>Famille<\/li>\n<li>Couple<\/li>\n<li>Personnes \u00e2g\u00e9es<\/li>\n<\/ul>\n<p>[\/vc_column_text][\/vc_column][vc_column width=&#8221;1\/3&#8243; css=&#8221;.vc_custom_1536145002810{padding-right: 88px !important;padding-left: 88px !important;}&#8221;][vc_single_image image=&#8221;2996&#8243; img_size=&#8221;full&#8221; alignment=&#8221;center&#8221;][\/vc_column][\/vc_row][vc_row full_width=&#8221;stretch_row&#8221; css=&#8221;.vc_custom_1536145143600{background-color: #fcf6f1 !important;}&#8221;][vc_column width=&#8221;1\/2&#8243; css=&#8221;.vc_custom_1536154842106{margin-top: 44px !important;}&#8221;][vc_single_image image=&#8221;2999&#8243; img_size=&#8221;full&#8221; alignment=&#8221;center&#8221; style=&#8221;vc_box_border&#8221;][\/vc_column][vc_column width=&#8221;1\/2&#8243;][vc_column_text]<\/p>\n<h3><strong>Probl\u00e9matiques trait\u00e9es<\/strong><\/h3>\n<ul>\n<li>Adaptation \u00e0 une situation stressante, difficult\u00e9 \u00e0 affronter une \u00e9preuve<\/li>\n<li>Adolescence difficile, adolescent en d\u00e9tresse, conflits relationnels entre parents et adolescents<\/li>\n<li>Affirmation de soi, difficult\u00e9s de communication, habilet\u00e9s sociales<\/li>\n<li>Blessures d&#8217;enfance relatives \u00e0 un pass\u00e9 difficile<\/li>\n<li>Confiance en soi<\/li>\n<li>D\u00e9pendance \u00e0 l&#8217;alcool ou aux drogues, toxicomanie<\/li>\n<li>D\u00e9pendance affective<\/li>\n<li>D\u00e9pression chez l&#8217;adulte, tristesse, perte d&#8217;int\u00e9r\u00eat ou de plaisir, difficult\u00e9 \u00e0 se mobiliser<\/li>\n<li>Deuil, perte d&#8217;un \u00eatre cher ou toute perte importante<\/li>\n<li>Enfant montrant des sympt\u00f4mes de d\u00e9pression, une peur de l&#8217;\u00e9chec, une faible estime de soi<\/li>\n<li>Enfant vivant de l&#8217;anxi\u00e9t\u00e9, des difficult\u00e9s de s\u00e9paration, des phobies, de l&#8217;anxi\u00e9t\u00e9 de performance<\/li>\n<li>Enfant: probl\u00e8mes de comportement \/ enfant en d\u00e9tresse \/ besoin de coaching parental<\/li>\n<\/ul>\n<p>[\/vc_column_text][\/vc_column][\/vc_row][vc_row][vc_column width=&#8221;1\/2&#8243;][vc_column_text]<\/p>\n<ul>\n<li>\u00c9puisement professionnel<\/li>\n<li>Estime de soi faible, sentiments n\u00e9gatifs envers soi-m\u00eame<\/li>\n<li>\u00c9tat de crise<\/li>\n<li>\u00c9tat de stress post-traumatique \u00e0 la suite d&#8217;un \u00e9v\u00e9nement traumatisant<\/li>\n<li>Fatigue chronique<\/li>\n<li>Insomnie<\/li>\n<li>Jalousie<\/li>\n<li>Jeu compulsif, d\u00e9pendance au jeu<\/li>\n<li>Panique: attaques \/ crise de panique, trouble panique, crises d&#8217;angoisse<\/li>\n<li>Perfectionnisme probl\u00e9matique ou excessif<\/li>\n<li>Phobies, peurs tenaces qui entra\u00eenent l&#8217;\u00e9vitement des situations redout\u00e9es<\/li>\n<li>Probl\u00e8mes scolaires ou d&#8217;apprentissage<\/li>\n<li>Procrastination<\/li>\n<li>Relations amoureuses<\/li>\n<li>Sentiments incontr\u00f4lables (culpabilit\u00e9, rage, honte, tristesse, angoisse etc.)<\/li>\n<li>S\u00e9paration, peine d&#8217;amour, rupture amoureuse, divorce<\/li>\n<li>Solitude, isolement<\/li>\n<li>Stress<\/li>\n<li>Suicide, id\u00e9es de mourir, d\u00e9sespoir<\/li>\n<li>Timidit\u00e9, phobie sociale, peur du jugement, difficult\u00e9s \u00e0 aller vers les autres<\/li>\n<li>Transition de vie<\/li>\n<li>Travail: probl\u00e8me d&#8217;insatisfaction, de relations de travail, conflits, \u00e9puisement<\/li>\n<li>Trouble obsessionnel compulsif (TOC), obsessions, compulsions<\/li>\n<\/ul>\n<p>[\/vc_column_text][\/vc_column][vc_column width=&#8221;1\/2&#8243; css=&#8221;.vc_custom_1536155045330{margin-top: 120px !important;padding-right: 88px !important;padding-left: 88px !important;}&#8221;][vc_single_image image=&#8221;3005&#8243; img_size=&#8221;full&#8221; alignment=&#8221;center&#8221;][\/vc_column][\/vc_row]<\/p>\n<\/div>","protected":false},"excerpt":{"rendered":"<p>[vc_row css=&#8221;.vc_custom_1536155067099{margin-top: -50px !important;}&#8221;][vc_column width=&#8221;2\/3&#8243;][vc_column_text] Client\u00e8les desservies pour d\u00e9marches th\u00e9rapeutiques Adolescents (en consultation individuelles) Adultes (en consultations individuelles) Enfants (en th\u00e9rapie individuelle\/psychoth\u00e9rapie avec les parents) Famille Couple Personnes \u00e2g\u00e9es [\/vc_column_text][\/vc_column][vc_column width=&#8221;1\/3&#8243; css=&#8221;.vc_custom_1536145002810{padding-right: 88px !important;padding-left: 88px !important;}&#8221;][vc_single_image image=&#8221;2996&#8243; img_size=&#8221;full&#8221; alignment=&#8221;center&#8221;][\/vc_column][\/vc_row][vc_row full_width=&#8221;stretch_row&#8221; css=&#8221;.vc_custom_1536145143600{background-color: #fcf6f1 !important;}&#8221;][vc_column width=&#8221;1\/2&#8243; css=&#8221;.vc_custom_1536154842106{margin-top: 44px !important;}&#8221;][vc_single_image image=&#8221;2999&#8243; img_size=&#8221;full&#8221; alignment=&#8221;center&#8221; style=&#8221;vc_box_border&#8221;][\/vc_column][vc_column width=&#8221;1\/2&#8243;][vc_column_text] Probl\u00e9matiques trait\u00e9es Adaptation [&hellip;]<\/p>\n","protected":false},"author":1,"featured_media":2779,"parent":0,"menu_order":0,"comment_status":"closed","ping_status":"open","template":"","meta":{"footnotes":""},"class_list":["post-2","page","type-page","status-publish","has-post-thumbnail","hentry"],"_links":{"self":[{"href":"https:\/\/www.psihologroman.com\/fr\/wp-json\/wp\/v2\/pages\/2","targetHints":{"allow":["GET"]}}],"collection":[{"href":"https:\/\/www.psihologroman.com\/fr\/wp-json\/wp\/v2\/pages"}],"about":[{"href":"https:\/\/www.psihologroman.com\/fr\/wp-json\/wp\/v2\/types\/page"}],"author":[{"embeddable":true,"href":"https:\/\/www.psihologroman.com\/fr\/wp-json\/wp\/v2\/users\/1"}],"replies":[{"embeddable":true,"href":"https:\/\/www.psihologroman.com\/fr\/wp-json\/wp\/v2\/comments?post=2"}],"version-history":[{"count":14,"href":"https:\/\/www.psihologroman.com\/fr\/wp-json\/wp\/v2\/pages\/2\/revisions"}],"predecessor-version":[{"id":3014,"href":"https:\/\/www.psihologroman.com\/fr\/wp-json\/wp\/v2\/pages\/2\/revisions\/3014"}],"wp:featuredmedia":[{"embeddable":true,"href":"https:\/\/www.psihologroman.com\/fr\/wp-json\/wp\/v2\/media\/2779"}],"wp:attachment":[{"href":"https:\/\/www.psihologroman.com\/fr\/wp-json\/wp\/v2\/media?parent=2"}],"curies":[{"name":"wp","href":"https:\/\/api.w.org\/{rel}","templated":true}]}}