{"id":2763,"date":"2018-09-05T06:19:03","date_gmt":"2018-09-05T06:19:03","guid":{"rendered":"https:\/\/www.dianysmedia.info\/proiect2154p\/?page_id=2763"},"modified":"2018-09-05T13:18:51","modified_gmt":"2018-09-05T13:18:51","slug":"experience-professionnelle","status":"publish","type":"page","link":"https:\/\/www.psihologroman.com\/fr\/experience-professionnelle\/","title":{"rendered":"Exp\u00e9rience professionnelle"},"content":{"rendered":"<div class=\"wpb-content-wrapper\"><p>[vc_row css=&#8221;.vc_custom_1536142395387{margin-top: -30px !important;}&#8221;][vc_column width=&#8221;1\/2&#8243;][vc_column_text]<\/p>\n<div style=\"font-size: 16px;\">\n<h4>Au Qu\u00e9bec (Canada)<\/h4>\n<ul>\n<li>Psychologue clinicienne\u00a0en bureau priv\u00e9<\/li>\n<li>Coach de vie et PNL<\/li>\n<\/ul>\n<p>&nbsp;<\/p>\n<h4>En Roumanie (Europe)<\/h4>\n<ul>\n<li>Psychologue<\/li>\n<li>Conf\u00e9renci\u00e8re et formatrice<\/li>\n<li>Manager de projet dans diff\u00e9rents projets internationaux<\/li>\n<li>Sp\u00e9cialiste expert en toxicomanie<\/li>\n<li>Sp\u00e9cialiste en pr\u00e9vention du crime<\/li>\n<li>Enseignante<\/li>\n<\/ul>\n<\/div>\n<p>[\/vc_column_text][\/vc_column][vc_column width=&#8221;1\/2&#8243;][vc_column_text]<img decoding=\"async\" class=\"aligncenter\" src=\"http:\/\/www.remede.org\/documents\/local\/cache-vignettes\/L500xH334\/arton3242-d32dc.jpg?1507285634\" width=\"80%\" \/>[\/vc_column_text][\/vc_column][\/vc_row]<\/p>\n<\/div>","protected":false},"excerpt":{"rendered":"<p>[vc_row css=&#8221;.vc_custom_1536142395387{margin-top: -30px !important;}&#8221;][vc_column width=&#8221;1\/2&#8243;][vc_column_text] Au Qu\u00e9bec (Canada) Psychologue clinicienne\u00a0en bureau priv\u00e9 Coach de vie et PNL &nbsp; En Roumanie (Europe) Psychologue Conf\u00e9renci\u00e8re et formatrice Manager de projet dans diff\u00e9rents projets internationaux Sp\u00e9cialiste expert en toxicomanie Sp\u00e9cialiste en pr\u00e9vention du crime Enseignante [\/vc_column_text][\/vc_column][vc_column width=&#8221;1\/2&#8243;][vc_column_text][\/vc_column_text][\/vc_column][\/vc_row]<\/p>\n","protected":false},"author":1,"featured_media":2779,"parent":0,"menu_order":0,"comment_status":"closed","ping_status":"closed","template":"","meta":{"footnotes":""},"class_list":["post-2763","page","type-page","status-publish","has-post-thumbnail","hentry"],"_links":{"self":[{"href":"https:\/\/www.psihologroman.com\/fr\/wp-json\/wp\/v2\/pages\/2763","targetHints":{"allow":["GET"]}}],"collection":[{"href":"https:\/\/www.psihologroman.com\/fr\/wp-json\/wp\/v2\/pages"}],"about":[{"href":"https:\/\/www.psihologroman.com\/fr\/wp-json\/wp\/v2\/types\/page"}],"author":[{"embeddable":true,"href":"https:\/\/www.psihologroman.com\/fr\/wp-json\/wp\/v2\/users\/1"}],"replies":[{"embeddable":true,"href":"https:\/\/www.psihologroman.com\/fr\/wp-json\/wp\/v2\/comments?post=2763"}],"version-history":[{"count":18,"href":"https:\/\/www.psihologroman.com\/fr\/wp-json\/wp\/v2\/pages\/2763\/revisions"}],"predecessor-version":[{"id":2979,"href":"https:\/\/www.psihologroman.com\/fr\/wp-json\/wp\/v2\/pages\/2763\/revisions\/2979"}],"wp:featuredmedia":[{"embeddable":true,"href":"https:\/\/www.psihologroman.com\/fr\/wp-json\/wp\/v2\/media\/2779"}],"wp:attachment":[{"href":"https:\/\/www.psihologroman.com\/fr\/wp-json\/wp\/v2\/media?parent=2763"}],"curies":[{"name":"wp","href":"https:\/\/api.w.org\/{rel}","templated":true}]}}