{"id":2764,"date":"2018-09-05T06:19:24","date_gmt":"2018-09-05T06:19:24","guid":{"rendered":"https:\/\/www.dianysmedia.info\/proiect2154p\/?page_id=2764"},"modified":"2018-09-09T16:34:01","modified_gmt":"2018-09-09T16:34:01","slug":"formations-professionnelles","status":"publish","type":"page","link":"https:\/\/www.psihologroman.com\/fr\/formations-professionnelles\/","title":{"rendered":"Formations professionnelles"},"content":{"rendered":"<div style=\"font-size: 16px;\">\n<p>J&#8217;ai suivi plusieurs formations sp\u00e9cifiques qui me permet de vous accompagner tout au long de votre th\u00e9rapie :<\/p>\n<\/div>\n<blockquote><p><strong><em>XXIe Congr\u00e8s mondial<\/em><\/strong> d\u2019hypnose m\u00e9dicale et clinique, Montr\u00e9al <strong><br \/>\n<\/strong><strong>L&#8217;hypnose entre science et croyance<\/strong><\/p>\n<p>Virot, Claude<\/p>\n<p>M\u00e9decin psychiatre, Pr\u00e9sident de la Soci\u00e9t\u00e9 Internationale d&#8217;Hypnose, Directeur d&#8217;Emergences \u2014 Rennes, France<\/p><\/blockquote>\n<p>&nbsp;<\/p>\n<blockquote><p><strong>Working 35 years with hypnosis in Speech Pathology and what I learned from it<\/strong><\/p>\n<p>Trenkle, Bernhard, M.<\/p>\n<p>Director, Milton Erickson Institute Rottweil \u2014 Rottweil, Germany<\/p><\/blockquote>\n<p>&nbsp;<\/p>\n<blockquote><p><strong>Treating depression with hypnosis: The power of focus and experiential learning in teaching mood regulation skills <\/strong><\/p>\n<p>Yapko, Michael, Dr<\/p>\n<p>Clinical Psychologist, Dr. Yapko &amp; Associates \u2014 Fallbrook, United States<\/p><\/blockquote>\n<p>&nbsp;<\/p>\n<blockquote><p><strong>L\u2019utilisation des parties saines, comp\u00e9tentes et fonctionnelles du patient pour engager la gu\u00e9rison d\u2019ordre vital<\/strong><\/p>\n<p>Gagnon, Richard, Dr<\/p>\n<p>Psychologue, Clinique de Psychologie Cap-Rouge \u2014 Qu\u00e9bec (Cap-Rouge), Canada<\/p><\/blockquote>\n<blockquote><p><strong><br \/>\nHypnosis as evocative (limbic) communication<\/strong><\/p>\n<p>Zeig, Jeffrey, Dr<\/p>\n<p>Director, The Milton Erickson Foundation \u2014 Phoenix, United States<\/p><\/blockquote>\n<p>&nbsp;<\/p>\n<blockquote><p><strong>Deep-introspective hypnosis: Taxonomy and techniques <\/strong><\/p>\n<p>Brugnoli , Maria Paola, Dr<\/p>\n<p>Coordinator Research Group on Consciousness Studies UNESCO Chair Neurobioethics, Pontifical University Regina Apostolorum Roma, Italy \u2014 Verona, Italy<\/p><\/blockquote>\n<p>&nbsp;<\/p>\n<blockquote><p><strong>Hypnose &#8211; Neurosciences : Applications cliniques<\/strong><\/p>\n<p>Faymonville, Marie-Elisabeth, Prof.<\/p>\n<p>Head, University Hospital of Liege \u2014 Liege, Belgium<\/p><\/blockquote>\n<p>&nbsp;<\/p>\n<blockquote><p><strong>Healing the wounds of development: Attachment theory &amp; hypnosis, an integrated approach to psychotherapeutic treatment<\/strong><\/p>\n<p>Spiegel Eric, Dr<\/p>\n<p>Licensed Psychologist, Spiegel Psychological Services PC \u2014 Philadelphia, United States<\/p><\/blockquote>\n<p>&nbsp;<\/p>\n<blockquote><p><strong>Pavlov meets the Zen brain: Mindfulness in the fear of pain <\/strong><\/p>\n<p>Rainville Pierre, Professeur,<\/p>\n<p>Institut universitaire de g\u00e9riatrie de Montr\u00e9al \u2014 Montr\u00e9al, Canada<\/p><\/blockquote>\n<p>&nbsp;<\/p>\n<blockquote><p><strong>Tranceformation: Hypnosis in Brain and Body<\/strong><\/p>\n<p>Spiegel, David, Prof.<\/p>\n<p>Medical Director, Stanford University School of Medicine \u2014 Stanford, United States<\/p><\/blockquote>\n<p>&nbsp;<\/p>\n<blockquote><p><strong>An Ericksonian, biopsychosocial, hypnotic approach to managing chronic pain <\/strong><\/p>\n<p>Patterson, David<\/p>\n<p>United States<\/p><\/blockquote>\n<blockquote><p><strong><br \/>\nHypnotizability from a synergistic perspective<\/strong><\/p>\n<p>Laurence, Jean-Roch, Dr<\/p>\n<p>Professor, Concordia University \u2014 Montreal, Canada<\/p>\n<p>&nbsp;<\/p><\/blockquote>\n<blockquote><p><strong>Pediatric hypnosis &#8211; Treatment that adds and rarely subtracts<\/strong><\/p>\n<p>Kuttner, Leora<\/p>\n<p>Clinical Psychologist, University of British Columbia, BC Children\u2019s Hospital \u2014 Vancouver, Canada<\/p><\/blockquote>\n<p>&nbsp;<\/p>\n<blockquote><p><strong>Utilizing hypnosis in the treatment of narcissistic wounds in psychotherapy: A relational approach<\/strong><\/p>\n<p><strong>\u00a0<\/strong>Spiegel, Eric, Dr<\/p>\n<p>Licensed Psychologist, Spiegel Psychological Services PC \u2014 Philadelphia, United States<\/p><\/blockquote>\n<p>&nbsp;<\/p>\n<blockquote><p><strong>Utilisation de l\u2019hypnose clinique dans le traitement de l\u2019anxi\u00e9t\u00e9 (TAG)<\/strong><\/p>\n<p>Landry, Michel, M.<\/p>\n<p>Centre de consultation psychologique et hypnose clinique \u2014 Montreal, Canada<\/p><\/blockquote>\n<p>&nbsp;<\/p>\n<blockquote><p><strong>R\u00e9solution des troubles de stress post traumatiques par d\u00e9sensibilisation sous hypnose<\/strong><\/p>\n<p>Cheveau, Christian<\/p>\n<p>Docteur, CHEVEAU Christian \u2014 Vend\u00f4me, France<\/p><\/blockquote>\n<p>&nbsp;<\/p>\n<blockquote><p><strong>Hypnosis, placebo, and the power of suggestion<\/strong><\/p>\n<p>Kirsch, Irving<\/p>\n<p>Associate Director, Beth Israel Deaconess Medical Center \u2014 Boston, United States<\/p><\/blockquote>\n<p>&nbsp;<\/p>\n<blockquote><p><strong>Octobre 2017 &#8211; Mise \u00e0 jour sur les th\u00e9rapies sexuelles : recherches et interventions <\/strong>par Michel Campbell, psychologue, RE02238-17<\/p><\/blockquote>\n<p>&nbsp;<\/p>\n<blockquote><p><strong>D\u00e9cembre 2016- Tenue de dossier<\/strong> par Chantal Mireault,<\/p>\n<p>Association des intervenants en toxicomanie du Qu\u00e9bec et de l\u2019Universit\u00e9 de Sherbrooke, Facult\u00e9 de m\u00e9dicine et de sciences de la sant\u00e9<\/p><\/blockquote>\n<p>&nbsp;<\/p>\n<blockquote><p><strong>Novembre 2016 \u2013 Intervenir dans les situations de s\u00e9paration hautement conflictuelles et d\u2019ali\u00e9nation parentale<\/strong> par Francine Cyr, psychologue, REO01803-16<\/p><\/blockquote>\n<p>&nbsp;<\/p>\n<blockquote><p><strong>Mai-Juin 2016 \u2013 L\u2019\u00e9valuation des modes de sch\u00e9mas et les techniques d\u2019intervention exp\u00e9rientielle<\/strong> pour les traiter par Martin Roy, psychologue, RA01129-15<\/p><\/blockquote>\n<p>&nbsp;<\/p>\n<blockquote><p><strong>Mai 2016 \u2013 L\u2019entretien motivationnel\u00a0: un style d\u2019intervention efficace en d\u00e9pendance et en sant\u00e9 mentale<\/strong> par Mme Danielle Pinsonneault<\/p>\n<p>Association des intervenants en toxicomanie du Qu\u00e9bec et de l\u2019Universit\u00e9 de Sherbrooke, Facult\u00e9 de m\u00e9dicine et de sciences de la sant\u00e9<\/p><\/blockquote>\n<p>&nbsp;<\/p>\n<blockquote><p><strong>F\u00e9vrier 2016 \u2013 Strat\u00e9gies de coping en sant\u00e9 mentale et toxicomanie <\/strong><\/p>\n<p>Dr. Richard Cloutier, psychiatre<\/p>\n<p>Association des intervenants en toxicomanie du Qu\u00e9bec et de l\u2019Universit\u00e9 de Sherbrooke, Facult\u00e9 de m\u00e9dicine et de sciences de la sant\u00e9<\/p><\/blockquote>\n<p>&nbsp;<\/p>\n<blockquote><p><strong>Mars 2014<\/strong>&#8211; <strong>L\u2019intervention de groupe en d\u00e9pendance\u00a0: un art ou une science?<\/strong><\/p>\n<p>Sophie Lussier,<\/p>\n<p>Association des intervenants en toxicomanie du Qu\u00e9bec et de l\u2019Universit\u00e9 de Sherbrooke, Facult\u00e9 de m\u00e9dicine et de sciences de la sant\u00e9<\/p><\/blockquote>\n<p>&nbsp;<\/p>\n<blockquote><p><strong>Mai 2013<\/strong> \u2013 <strong>G\u00e9rer les \u00ab\u00a0personnalit\u00e9s toxiques\u00a0\u00bb au sein des \u00e9quipes travail et en contexte de r\u00e9unions dans le domaine de la toxicomanie<\/strong>.<\/p>\n<p>Claude-Michel Gagnon psychologue, ma\u00eetre d\u2019enseignement \u00e0 l\u2019\u00c9cole nationale d\u2019administration publique<\/p>\n<p>Association des intervenants en toxicomanie du Qu\u00e9bec et de l\u2019Universit\u00e9 de Sherbrooke<\/p><\/blockquote>\n<p>&nbsp;<\/p>\n<blockquote><p><strong>Mars 2013- Consommation et d\u00e9linquance chez les jeunes<\/strong><\/p>\n<p>Natacha Brunelle, professeure a l\u2019UQTR et Patrick Arial, Centre jeunesse de Qu\u00e9bec<\/p>\n<p>Association des intervenants en toxicomanie du Qu\u00e9bec et de l\u2019Universit\u00e9 de Sherbrooke<\/p><\/blockquote>\n","protected":false},"excerpt":{"rendered":"<p>J&#8217;ai suivi plusieurs formations sp\u00e9cifiques qui me permet de vous accompagner tout au long de votre th\u00e9rapie : XXIe Congr\u00e8s mondial d\u2019hypnose m\u00e9dicale et clinique, Montr\u00e9al L&#8217;hypnose entre science et croyance Virot, Claude M\u00e9decin psychiatre, Pr\u00e9sident de la Soci\u00e9t\u00e9 Internationale d&#8217;Hypnose, Directeur d&#8217;Emergences \u2014 Rennes, France &nbsp; Working 35 years with hypnosis in Speech Pathology [&hellip;]<\/p>\n","protected":false},"author":1,"featured_media":2779,"parent":0,"menu_order":0,"comment_status":"closed","ping_status":"closed","template":"","meta":{"footnotes":""},"class_list":["post-2764","page","type-page","status-publish","has-post-thumbnail","hentry"],"_links":{"self":[{"href":"https:\/\/www.psihologroman.com\/fr\/wp-json\/wp\/v2\/pages\/2764","targetHints":{"allow":["GET"]}}],"collection":[{"href":"https:\/\/www.psihologroman.com\/fr\/wp-json\/wp\/v2\/pages"}],"about":[{"href":"https:\/\/www.psihologroman.com\/fr\/wp-json\/wp\/v2\/types\/page"}],"author":[{"embeddable":true,"href":"https:\/\/www.psihologroman.com\/fr\/wp-json\/wp\/v2\/users\/1"}],"replies":[{"embeddable":true,"href":"https:\/\/www.psihologroman.com\/fr\/wp-json\/wp\/v2\/comments?post=2764"}],"version-history":[{"count":35,"href":"https:\/\/www.psihologroman.com\/fr\/wp-json\/wp\/v2\/pages\/2764\/revisions"}],"predecessor-version":[{"id":3023,"href":"https:\/\/www.psihologroman.com\/fr\/wp-json\/wp\/v2\/pages\/2764\/revisions\/3023"}],"wp:featuredmedia":[{"embeddable":true,"href":"https:\/\/www.psihologroman.com\/fr\/wp-json\/wp\/v2\/media\/2779"}],"wp:attachment":[{"href":"https:\/\/www.psihologroman.com\/fr\/wp-json\/wp\/v2\/media?parent=2764"}],"curies":[{"name":"wp","href":"https:\/\/api.w.org\/{rel}","templated":true}]}}