{"id":3018,"date":"2018-09-09T16:29:57","date_gmt":"2018-09-09T16:29:57","guid":{"rendered":"https:\/\/www.psihologroman.com\/fr\/?page_id=3018"},"modified":"2018-09-09T17:08:59","modified_gmt":"2018-09-09T17:08:59","slug":"realite-virtuelle","status":"publish","type":"page","link":"https:\/\/www.psihologroman.com\/fr\/realite-virtuelle\/","title":{"rendered":"R\u00e9alit\u00e9 virtuelle"},"content":{"rendered":"<h3><strong>La r\u00e9alit\u00e9 virtuelle<\/strong><strong> pour traiter les troubles anxieux<\/strong><\/h3>\n<p>Une des techniques utilis\u00e9es dans les th\u00e9rapies cognitivo- comportementales consiste \u00e0 ce que la personne confronte son anxi\u00e9t\u00e9 en s&#8217;exposant aux images mentales, objets et\/ou situations g\u00e9n\u00e9rant chez elle de la peur, jusqu&#8217;\u00e0 ce que cette r\u00e9action diminue.\u00a0La personne se d\u00e9place physiquement sur un lieu ou imagine une situation stressante (peur de l&#8217;avion, par exemple).<\/p>\n<p>La r\u00e9alit\u00e9 virtuelle permet d&#8217;exposer la personne \u00e0 l&#8217;objet de son anxi\u00e9t\u00e9 sans devoir se d\u00e9placer ou sans devoir l&#8217;imaginer.<\/p>\n<p>Cette nouvelle approche est d&#8217;autant plus int\u00e9ressante qu&#8217;elle est non-pharmacologique et sans effets secondaires.<\/p>\n<p>La r\u00e9alit\u00e9 virtuelle reprend certains aspects des th\u00e9rapies d\u2019exposition car elle permet de recr\u00e9er un espace faisant l\u2019objet de phobies pour le patient et plus facile \u00e0 contr\u00f4ler pour le th\u00e9rapeute.<\/p>\n<p>Dans notre cabinet nous traitons\u00a0:<\/p>\n<ol>\n<li><em>Acrophobie (peur des hauteurs, ascenseurs)<br \/>\n<\/em><\/li>\n<li><em>\u00a0Arachnophobie (peur des araign\u00e9es)<br \/>\n<\/em><\/li>\n<li><em>\u00a0Astraphobie (Peur des temp\u00eates, des ouragans, des tornades)<br \/>\n<\/em><\/li>\n<li><em>\u00a0Aviophobie (peur de voler)<br \/>\n<\/em><\/li>\n<li><em>\u00a0Glossophobie (peur de parler en public)<\/em><\/li>\n<\/ol>\n","protected":false},"excerpt":{"rendered":"<p>La r\u00e9alit\u00e9 virtuelle pour traiter les troubles anxieux Une des techniques utilis\u00e9es dans les th\u00e9rapies cognitivo- comportementales consiste \u00e0 ce que la personne confronte son anxi\u00e9t\u00e9 en s&#8217;exposant aux images mentales, objets et\/ou situations g\u00e9n\u00e9rant chez elle de la peur, jusqu&#8217;\u00e0 ce que cette r\u00e9action diminue.\u00a0La personne se d\u00e9place physiquement sur un lieu ou imagine [&hellip;]<\/p>\n","protected":false},"author":1,"featured_media":2779,"parent":0,"menu_order":0,"comment_status":"closed","ping_status":"closed","template":"","meta":{"footnotes":""},"class_list":["post-3018","page","type-page","status-publish","has-post-thumbnail","hentry"],"_links":{"self":[{"href":"https:\/\/www.psihologroman.com\/fr\/wp-json\/wp\/v2\/pages\/3018","targetHints":{"allow":["GET"]}}],"collection":[{"href":"https:\/\/www.psihologroman.com\/fr\/wp-json\/wp\/v2\/pages"}],"about":[{"href":"https:\/\/www.psihologroman.com\/fr\/wp-json\/wp\/v2\/types\/page"}],"author":[{"embeddable":true,"href":"https:\/\/www.psihologroman.com\/fr\/wp-json\/wp\/v2\/users\/1"}],"replies":[{"embeddable":true,"href":"https:\/\/www.psihologroman.com\/fr\/wp-json\/wp\/v2\/comments?post=3018"}],"version-history":[{"count":3,"href":"https:\/\/www.psihologroman.com\/fr\/wp-json\/wp\/v2\/pages\/3018\/revisions"}],"predecessor-version":[{"id":3036,"href":"https:\/\/www.psihologroman.com\/fr\/wp-json\/wp\/v2\/pages\/3018\/revisions\/3036"}],"wp:featuredmedia":[{"embeddable":true,"href":"https:\/\/www.psihologroman.com\/fr\/wp-json\/wp\/v2\/media\/2779"}],"wp:attachment":[{"href":"https:\/\/www.psihologroman.com\/fr\/wp-json\/wp\/v2\/media?parent=3018"}],"curies":[{"name":"wp","href":"https:\/\/api.w.org\/{rel}","templated":true}]}}