{"id":94,"date":"2015-10-27T16:51:35","date_gmt":"2015-10-27T16:51:35","guid":{"rendered":"http:\/\/prestazilla.org\/wordpress\/transargo\/?page_id=94"},"modified":"2018-09-12T14:28:53","modified_gmt":"2018-09-12T14:28:53","slug":"home","status":"publish","type":"page","link":"https:\/\/www.psihologroman.com\/fr\/","title":{"rendered":"Home"},"content":{"rendered":"<div class=\"wpb-content-wrapper\"><p>[vc_row full_width=&#8221;stretch_row_content_no_spaces&#8221; ppadding=&#8221;vc_row-no-padding&#8221;][vc_column css=&#8221;.vc_custom_1455805271667{margin-bottom: 30px !important;}&#8221;][rev_slider_vc alias=&#8221;home1&#8243;][\/vc_column][\/vc_row][vc_row full_width=&#8221;stretch_row&#8221; css=&#8221;.vc_custom_1536762583521{margin-top: -30px !important;padding-top: 2px !important;padding-bottom: 23px !important;background-color: #fdf1e6 !important;}&#8221;][vc_column][vc_column_text]<\/p>\n<p><center><img decoding=\"async\" src=\"https:\/\/www.psihologroman.com\/ppf.png\" width=\"380\" \/><\/center>[\/vc_column_text][\/vc_column][\/vc_row][vc_row css=&#8221;.vc_custom_1536134843481{margin-top: 20px !important;margin-bottom: 31px !important;}&#8221;][vc_column width=&#8221;1\/2&#8243;][vc_column_text]<strong>ACCUEIL<\/strong><\/p>\n<p>Chacun, \u00e0 un moment donn\u00e9 dans sa vie, peut ressentir le besoin de se faire accompagner dans des \u00e9preuves personnelles ou professionnelles.<\/p>\n<p>Les ressources pr\u00e9sentes en nous et autours de nous, permettent g\u00e9n\u00e9ralement de pouvoir l\u2019analyser et le d\u00e9passer.<\/p>\n<p>Il arrive parfois que le mal-\u00eatre prenne trop de place, que les blessures soient trop importantes pour permettre la r\u00e9silience.<\/p>\n<p>Dans ces moments, il est parfois utile de pouvoir parler dans une espace de parole neutre afin d\u2019\u00eatre accueilli par l\u2019autre dans sa souffrance. L\u2019id\u00e9e n\u2019est pas d\u2019appliquer des solutions \u2018\u2019magiques\u2019\u2019.[\/vc_column_text][\/vc_column][vc_column width=&#8221;1\/2&#8243;][vc_column_text css=&#8221;.vc_custom_1536510810723{margin-top: 33px !important;}&#8221;]Il s\u2019agit de pouvoir travailler ensemble pour vous aider \u00e0 trouver votre voie, la meilleure mani\u00e8re d\u2019avancer, et de vous accompagner dans la recherche de vos solutions.<\/p>\n<p>Se rendre chez un psychologue n\u2019est pas n\u00e9cessairement signe de troubles mentaux ou psychologiques.\u00a0Vous pouvez simplement traverser une\u00a0p\u00e9riode difficile dans votre vie, ou juste ressentir le besoin de vous confier \u00e0 quelqu\u2019un d\u2019objectif et de confiance.<\/p>\n<p>Aussi, on peut travailler \u00e0 la gu\u00e9rison de nos blessures fondamentales, \u00e0 l\u2019\u00e9quilibre de nos facettes f\u00e9minines et masculines, \u00e0 l\u2019harmonie du couple, ainsi qu\u2019aux relations \u00e0 soi et aux autres.[\/vc_column_text][\/vc_column][\/vc_row][vc_row full_width=&#8221;stretch_row&#8221; css=&#8221;.vc_custom_1536135103137{padding-top: 2px !important;padding-bottom: 6px !important;background-color: #fdf1e6 !important;}&#8221;][vc_column][vc_custom_heading text=&#8221;ARTICLES R\u00c9CENTS&#8221; font_container=&#8221;tag:h3|font_size:19|text_align:center|color:%235b5b5b&#8221; google_fonts=&#8221;font_family:Droid%20Sans%3Aregular%2C700|font_style:700%20bold%20regular%3A700%3Anormal&#8221;][\/vc_column][\/vc_row][vc_row css=&#8221;.vc_custom_1536136019818{margin-bottom: -58px !important;}&#8221;][vc_column][vc_basic_grid post_type=&#8221;post&#8221; max_items=&#8221;3&#8243; grid_id=&#8221;vc_gid:1536762557317-22ab010c-a9d0-2&#8243;][\/vc_column][\/vc_row]<\/p>\n<\/div>","protected":false},"excerpt":{"rendered":"<p>[vc_row full_width=&#8221;stretch_row_content_no_spaces&#8221; ppadding=&#8221;vc_row-no-padding&#8221;][vc_column css=&#8221;.vc_custom_1455805271667{margin-bottom: 30px !important;}&#8221;][rev_slider_vc alias=&#8221;home1&#8243;][\/vc_column][\/vc_row][vc_row full_width=&#8221;stretch_row&#8221; css=&#8221;.vc_custom_1536762583521{margin-top: -30px !important;padding-top: 2px !important;padding-bottom: 23px !important;background-color: #fdf1e6 !important;}&#8221;][vc_column][vc_column_text] [\/vc_column_text][\/vc_column][\/vc_row][vc_row css=&#8221;.vc_custom_1536134843481{margin-top: 20px !important;margin-bottom: 31px !important;}&#8221;][vc_column width=&#8221;1\/2&#8243;][vc_column_text]ACCUEIL Chacun, \u00e0 un moment donn\u00e9 dans sa vie, peut ressentir le besoin de se faire accompagner dans des \u00e9preuves personnelles ou professionnelles. Les ressources pr\u00e9sentes en nous et autours de nous, [&hellip;]<\/p>\n","protected":false},"author":1,"featured_media":0,"parent":0,"menu_order":0,"comment_status":"closed","ping_status":"closed","template":"fullwidth.php","meta":{"footnotes":""},"class_list":["post-94","page","type-page","status-publish","hentry"],"_links":{"self":[{"href":"https:\/\/www.psihologroman.com\/fr\/wp-json\/wp\/v2\/pages\/94","targetHints":{"allow":["GET"]}}],"collection":[{"href":"https:\/\/www.psihologroman.com\/fr\/wp-json\/wp\/v2\/pages"}],"about":[{"href":"https:\/\/www.psihologroman.com\/fr\/wp-json\/wp\/v2\/types\/page"}],"author":[{"embeddable":true,"href":"https:\/\/www.psihologroman.com\/fr\/wp-json\/wp\/v2\/users\/1"}],"replies":[{"embeddable":true,"href":"https:\/\/www.psihologroman.com\/fr\/wp-json\/wp\/v2\/comments?post=94"}],"version-history":[{"count":61,"href":"https:\/\/www.psihologroman.com\/fr\/wp-json\/wp\/v2\/pages\/94\/revisions"}],"predecessor-version":[{"id":3042,"href":"https:\/\/www.psihologroman.com\/fr\/wp-json\/wp\/v2\/pages\/94\/revisions\/3042"}],"wp:attachment":[{"href":"https:\/\/www.psihologroman.com\/fr\/wp-json\/wp\/v2\/media?parent=94"}],"curies":[{"name":"wp","href":"https:\/\/api.w.org\/{rel}","templated":true}]}}